{"id":756,"date":"2018-12-11T09:52:49","date_gmt":"2018-12-11T09:52:49","guid":{"rendered":"https:\/\/demo.casethemes.net\/timan\/?page_id=55"},"modified":"2025-12-05T08:38:53","modified_gmt":"2025-12-05T08:38:53","slug":"doktorlar","status":"publish","type":"page","link":"https:\/\/natureldis.com\/en\/doktorlar\/","title":{"rendered":"Doctors"},"content":{"rendered":"<div class=\"wpb-content-wrapper\"><div class=\"vc_row wpb_row vc_row-fluid bg-image-ps-inherit\"><div class=\"wpb_column vc_column_container vc_col-sm-12\"><div class=\"vc_column-inner vc_custom_1544685012166\"><div class=\"wpb_wrapper\">\n<div id=\"ct-doctor-grid\" class=\"ct-grid ct-grid-doctor-layout1\">\n    \n    \n    <div class=\"ct-grid-inner ct-grid-masonry row\" data-gutter=\"15\">\n                    <div class=\"grid-sizer col-xl-4 col-lg-4 col-md-4 col-sm-6 col-12\"><\/div>\n                                    <div class=\"grid-item col-xl-4 col-lg-4 col-md-4 col-sm-6 col-12\">\n                        <div class=\"grid-item-inner wpb_animate_when_almost_visible wpb_fadeIn fadeIn\">\n                                                            <div class=\"item-featured\">\n                                    <a  href=\"https:\/\/natureldis.com\/en\/doctor\/kemal-guncicek\/\">\n                                        <img decoding=\"async\" class=\"\" src=\"https:\/\/natureldis.com\/wp-content\/uploads\/2018\/12\/8k.png\" width=\"250\" height=\"350\" alt=\"8k\" title=\"8k\" loading=\"lazy\" \/>                                    <\/a>\n                                <\/div>\n                                                        <div class=\"item-body\">\n                                <div class=\"item-body-inner\">\n                                    <h3 class=\"item-title\" style=\"\">\n                                        <a href=\"https:\/\/natureldis.com\/en\/doctor\/kemal-guncicek\/\">Kemal G\u00dcN\u00c7\u0130\u00c7EK<\/a>\n                                    <\/h3>\n                                    <div class=\"item-position\">Dentist<\/div>\n                                <\/div>\n                            <\/div>\n                        <\/div>\n                    <\/div>\n                                    <div class=\"grid-item col-xl-4 col-lg-4 col-md-4 col-sm-6 col-12\">\n                        <div class=\"grid-item-inner wpb_animate_when_almost_visible wpb_fadeIn fadeIn\">\n                                                            <div class=\"item-featured\">\n                                    <a  href=\"https:\/\/natureldis.com\/en\/doctor\/oguzhan-uzunoglu\/\">\n                                        <img decoding=\"async\" class=\"\" src=\"https:\/\/natureldis.com\/wp-content\/uploads\/2018\/12\/oguzhan03_1.png\" width=\"250\" height=\"350\" alt=\"oguzhan03_1\" title=\"oguzhan03_1\" loading=\"lazy\" \/>                                    <\/a>\n                                <\/div>\n                                                        <div class=\"item-body\">\n                                <div class=\"item-body-inner\">\n                                    <h3 class=\"item-title\" style=\"\">\n                                        <a href=\"https:\/\/natureldis.com\/en\/doctor\/oguzhan-uzunoglu\/\">O\u011fuzhan UZUNOGLU<\/a>\n                                    <\/h3>\n                                    <div class=\"item-position\">Dentist<\/div>\n                                <\/div>\n                            <\/div>\n                        <\/div>\n                    <\/div>\n                                    <div class=\"grid-item col-xl-4 col-lg-4 col-md-4 col-sm-6 col-12\">\n                        <div class=\"grid-item-inner wpb_animate_when_almost_visible wpb_fadeIn fadeIn\">\n                                                            <div class=\"item-featured\">\n                                    <a  href=\"https:\/\/natureldis.com\/en\/doctor\/gulsen-kirkbesoglu\/\">\n                                        <img decoding=\"async\" class=\"\" src=\"https:\/\/natureldis.com\/wp-content\/uploads\/2018\/12\/gulsenn.png\" width=\"250\" height=\"350\" alt=\"gulsenn\" title=\"gulsenn\" loading=\"lazy\" \/>                                    <\/a>\n                                <\/div>\n                                                        <div class=\"item-body\">\n                                <div class=\"item-body-inner\">\n                                    <h3 class=\"item-title\" style=\"\">\n                                        <a href=\"https:\/\/natureldis.com\/en\/doctor\/gulsen-kirkbesoglu\/\">G\u00fcl\u015fen KIRKBE\u015eO\u011eLU<\/a>\n                                    <\/h3>\n                                    <div class=\"item-position\">Dentist<\/div>\n                                <\/div>\n                            <\/div>\n                        <\/div>\n                    <\/div>\n                                    <div class=\"grid-item col-xl-4 col-lg-4 col-md-4 col-sm-6 col-12\">\n                        <div class=\"grid-item-inner wpb_animate_when_almost_visible wpb_fadeIn fadeIn\">\n                                                            <div class=\"item-featured\">\n                                    <a  href=\"https:\/\/natureldis.com\/en\/doctor\/buse-senol\/\">\n                                        <img decoding=\"async\" class=\"\" src=\"https:\/\/natureldis.com\/wp-content\/uploads\/2018\/12\/buse_0.png\" width=\"250\" height=\"350\" alt=\"buse_0\" title=\"buse_0\" loading=\"lazy\" \/>                                    <\/a>\n                                <\/div>\n                                                        <div class=\"item-body\">\n                                <div class=\"item-body-inner\">\n                                    <h3 class=\"item-title\" style=\"\">\n                                        <a href=\"https:\/\/natureldis.com\/en\/doctor\/buse-senol\/\">Buse \u015eENOL<\/a>\n                                    <\/h3>\n                                    <div class=\"item-position\">Dentist<\/div>\n                                <\/div>\n                            <\/div>\n                        <\/div>\n                    <\/div>\n                                    <div class=\"grid-item col-xl-4 col-lg-4 col-md-4 col-sm-6 col-12\">\n                        <div class=\"grid-item-inner wpb_animate_when_almost_visible wpb_fadeIn fadeIn\">\n                                                            <div class=\"item-featured\">\n                                    <a  href=\"https:\/\/natureldis.com\/en\/doctor\/ezgi-ozben\/\">\n                                        <img decoding=\"async\" class=\"\" src=\"https:\/\/natureldis.com\/wp-content\/uploads\/2018\/12\/ezgi_doktor-e1764925856344.png\" width=\"250\" height=\"290\" alt=\"ezgi_doktor\" title=\"ezgi_doktor\" loading=\"lazy\" \/>                                    <\/a>\n                                <\/div>\n                                                        <div class=\"item-body\">\n                                <div class=\"item-body-inner\">\n                                    <h3 class=\"item-title\" style=\"\">\n                                        <a href=\"https:\/\/natureldis.com\/en\/doctor\/ezgi-ozben\/\">Ezgi \u00d6ZBEN<\/a>\n                                    <\/h3>\n                                    <div class=\"item-position\">Dentist<\/div>\n                                <\/div>\n                            <\/div>\n                        <\/div>\n                    <\/div>\n                    <\/div>\n        <\/div><\/div><\/div><\/div><\/div>\n<\/div>","protected":false},"excerpt":{"rendered":"2022\u00a0y\u0131l\u0131ndan beri klini\u011fimizde hizmet vermektedir \u0130stanbul \u00dcniversitesi Di\u015f Hekimli\u011fi Fak\u00fcltesi Mezunu. T\u00fcrkiye Di\u015f Hekimleri Birli\u011fi (TDB) \u00fcyesidir. Uluslararas\u0131 kongrelere kat\u0131lm\u0131\u015ft\u0131r.","protected":false},"author":1,"featured_media":0,"parent":0,"menu_order":0,"comment_status":"closed","ping_status":"closed","template":"","meta":{"footnotes":""},"class_list":["post-756","page","type-page","status-publish","hentry"],"_links":{"self":[{"href":"https:\/\/natureldis.com\/en\/wp-json\/wp\/v2\/pages\/756","targetHints":{"allow":["GET"]}}],"collection":[{"href":"https:\/\/natureldis.com\/en\/wp-json\/wp\/v2\/pages"}],"about":[{"href":"https:\/\/natureldis.com\/en\/wp-json\/wp\/v2\/types\/page"}],"author":[{"embeddable":true,"href":"https:\/\/natureldis.com\/en\/wp-json\/wp\/v2\/users\/1"}],"replies":[{"embeddable":true,"href":"https:\/\/natureldis.com\/en\/wp-json\/wp\/v2\/comments?post=756"}],"version-history":[{"count":1,"href":"https:\/\/natureldis.com\/en\/wp-json\/wp\/v2\/pages\/756\/revisions"}],"predecessor-version":[{"id":838,"href":"https:\/\/natureldis.com\/en\/wp-json\/wp\/v2\/pages\/756\/revisions\/838"}],"wp:attachment":[{"href":"https:\/\/natureldis.com\/en\/wp-json\/wp\/v2\/media?parent=756"}],"curies":[{"name":"wp","href":"https:\/\/api.w.org\/{rel}","templated":true}]}}