{"id":742,"date":"2018-12-11T07:59:57","date_gmt":"2018-12-11T07:59:57","guid":{"rendered":"https:\/\/demo.casethemes.net\/timan\/?page_id=13"},"modified":"2025-12-25T12:32:24","modified_gmt":"2025-12-25T12:32:24","slug":"hakkimizda","status":"publish","type":"page","link":"https:\/\/natureldis.com\/en\/hakkimizda\/","title":{"rendered":"About us"},"content":{"rendered":"<div class=\"wpb-content-wrapper\"><div class=\"vc_row wpb_row vc_row-fluid vc_custom_1544856032582 bg-image-ps-inherit\"><div class=\"wpb_animate_when_almost_visible wpb_fadeInUp fadeInUp wpb_column vc_column_container vc_col-sm-6 vc_col-lg-3 vc_col-md-3\"><div class=\"vc_column-inner vc_custom_1544857034953\"><div class=\"wpb_wrapper\"><div class=\"ct-fancybox-layout2\">\n\t<div class=\"ct-fancybox-inner\">\n\t\t                            <div class=\"ct-fancybox-icon\">\n                    <a href=\"https:\/\/natureldis.com\/en\/hizmet\/estetik-dis-hekimligi\/\" target=\"_self\">                        <i class=\"flaticon-tooth-2\" style=\"\"><\/i>\n                    <\/a>                <\/div>\n                    \n        <div class=\"ct-fancybox-content\">\n                            <h3 class=\"ct-fancybox-title\" style=\"\">\n                    <a href=\"https:\/\/natureldis.com\/en\/hizmet\/estetik-dis-hekimligi\/\" target=\"_self\">                        Cosmetic Dentistry                    <\/a>                <\/h3>\n                                        <div class=\"ct-fancybox-desc\" style=\"\">\n                    Aesthetic smile design, while retaining the natural appearance you special section.                <\/div>\n                    <\/div>\n                    <div class=\"icon-hover\">\n                <i class=\"flaticon-tooth-2\"><\/i>\n            <\/div>\n        \t<\/div>\n<\/div><\/div><\/div><\/div><div class=\"wpb_animate_when_almost_visible wpb_fadeInUp fadeInUp wpb_column vc_column_container vc_col-sm-6 vc_col-lg-3 vc_col-md-3\"><div class=\"vc_column-inner vc_custom_1544857044572\"><div class=\"wpb_wrapper\"><div class=\"ct-fancybox-layout2\">\n\t<div class=\"ct-fancybox-inner\">\n\t\t                            <div class=\"ct-fancybox-icon\">\n                    <a href=\"https:\/\/natureldis.com\/en\/hizmet\/dolgu-konservatif-tedavi\/\" target=\"_self\">                        <i class=\"flaticon-molar-and-roots\" style=\"\"><\/i>\n                    <\/a>                <\/div>\n                    \n        <div class=\"ct-fancybox-content\">\n                            <h3 class=\"ct-fancybox-title\" style=\"\">\n                    <a href=\"https:\/\/natureldis.com\/en\/hizmet\/dolgu-konservatif-tedavi\/\" target=\"_self\">                        Fill &amp; Conservative Treatment                    <\/a>                <\/h3>\n                                        <div class=\"ct-fancybox-desc\" style=\"\">\n                    Caries teeth cleaned and restored with a filling material that has been protective treatment.                <\/div>\n                    <\/div>\n                    <div class=\"icon-hover\">\n                <i class=\"flaticon-molar-and-roots\"><\/i>\n            <\/div>\n        \t<\/div>\n<\/div><\/div><\/div><\/div><div class=\"wpb_animate_when_almost_visible wpb_fadeInUp fadeInUp wpb_column vc_column_container vc_col-sm-6 vc_col-lg-3 vc_col-md-3\"><div class=\"vc_column-inner vc_custom_1544857050610\"><div class=\"wpb_wrapper\"><div class=\"ct-fancybox-layout2\">\n\t<div class=\"ct-fancybox-inner\">\n\t\t                            <div class=\"ct-fancybox-icon\">\n                    <a href=\"https:\/\/natureldis.com\/en\/hizmet\/implantoloji\/\" target=\"_self\">                        <i class=\"flaticon-broken-tooth\" style=\"\"><\/i>\n                    <\/a>                <\/div>\n                    \n        <div class=\"ct-fancybox-content\">\n                            <h3 class=\"ct-fancybox-title\" style=\"\">\n                    <a href=\"https:\/\/natureldis.com\/en\/hizmet\/implantoloji\/\" target=\"_self\">                        Implantology                    <\/a>                <\/h3>\n                                        <div class=\"ct-fancybox-desc\" style=\"\">\n                    Artificial roots that are placed into the jawbone of missing teeth is the process of completion.                <\/div>\n                    <\/div>\n                    <div class=\"icon-hover\">\n                <i class=\"flaticon-broken-tooth\"><\/i>\n            <\/div>\n        \t<\/div>\n<\/div><\/div><\/div><\/div><div class=\"wpb_animate_when_almost_visible wpb_fadeInUp fadeInUp wpb_column vc_column_container vc_col-sm-6 vc_col-lg-3 vc_col-md-3\"><div class=\"vc_column-inner vc_custom_1544857056704\"><div class=\"wpb_wrapper\"><div class=\"ct-fancybox-layout2\">\n\t<div class=\"ct-fancybox-inner\">\n\t\t                            <div class=\"ct-fancybox-icon\">\n                    <a href=\"https:\/\/natureldis.com\/en\/hizmet\/kanal-tedavisi-endodonti\/\" target=\"_self\">                        <i class=\"flaticon-tooth-filling\" style=\"\"><\/i>\n                    <\/a>                <\/div>\n                    \n        <div class=\"ct-fancybox-content\">\n                            <h3 class=\"ct-fancybox-title\" style=\"\">\n                    <a href=\"https:\/\/natureldis.com\/en\/hizmet\/kanal-tedavisi-endodonti\/\" target=\"_self\">                        Root Canal Treatment (Endodontics)                    <\/a>                <\/h3>\n                                        <div class=\"ct-fancybox-desc\" style=\"\">\n                    Inflamed nerves which enables it to be cleaned and saved the tooth root canal treatment.                <\/div>\n                    <\/div>\n                    <div class=\"icon-hover\">\n                <i class=\"flaticon-tooth-filling\"><\/i>\n            <\/div>\n        \t<\/div>\n<\/div><\/div><\/div><\/div><\/div><div data-vc-full-width=\"true\" data-vc-full-width-temp=\"true\" data-vc-full-width-init=\"false\" data-vc-stretch-content=\"true\" class=\"vc_row wpb_row vc_row-fluid vc_row-no-padding vc_row-o-equal-height vc_row-o-content-middle vc_row-flex bg-primary bg-image-ps-inherit\"><div class=\"wpb_column vc_column_container vc_col-sm-12 vc_col-lg-6 vc_col-md-6 vc_col-has-fill\"><div class=\"vc_column-inner vc_custom_1544758165494\"><div class=\"wpb_wrapper\"><div id=\"ct-space-69de0967bac76\">\n\t<style type=\"text\/css\">\n\t\t\t\t\t@media screen and (min-width: 1200px) {\n\t\t\t\t#ct-space-69de0967bac76 .ct-space {\n\t\t\t\t\theight: 330px;\n\t\t\t\t}\n\t\t\t}\n\t\t\t\t\t\t\t@media (min-width: 992px) and (max-width: 1991px) {\n\t\t\t\t#ct-space-69de0967bac76 .ct-space {\n\t\t\t\t\theight: 330px;\n\t\t\t\t}\n\t\t\t}\n\t\t\t\t\t\t\t@media (min-width: 768px) and (max-width: 991px) {\n\t\t\t\t#ct-space-69de0967bac76 .ct-space {\n\t\t\t\t\theight: 330px;\n\t\t\t\t}\n\t\t\t}\n\t\t\t\t\t\t\t@media screen and (max-width: 767px) {\n\t\t\t\t#ct-space-69de0967bac76 .ct-space {\n\t\t\t\t\theight: 200px;\n\t\t\t\t}\n\t\t\t}\n\t\t\t<\/style>\n\t<div class=\"ct-space\"><\/div>\n<\/div>\n<div id=\"ct-video\" class=\"ct-video-wrapper  style1 play-fixed video-abs\">\n    <div class=\"ct-video-inner\">\n    \t        <a class=\"ct-video-button\" href=\"https:\/\/www.youtube.com\/watch?v=SF4aHwxHtZ0\">\n            <i class=\"fa fa-play\"><\/i>\n        <\/a>\n    <\/div>\n<\/div><div id=\"ct-space-69de0967bbf85\">\n\t<style type=\"text\/css\">\n\t\t\t\t\t@media screen and (min-width: 1200px) {\n\t\t\t\t#ct-space-69de0967bbf85 .ct-space {\n\t\t\t\t\theight: 330px;\n\t\t\t\t}\n\t\t\t}\n\t\t\t\t\t\t\t@media (min-width: 992px) and (max-width: 1991px) {\n\t\t\t\t#ct-space-69de0967bbf85 .ct-space {\n\t\t\t\t\theight: 330px;\n\t\t\t\t}\n\t\t\t}\n\t\t\t\t\t\t\t@media (min-width: 768px) and (max-width: 991px) {\n\t\t\t\t#ct-space-69de0967bbf85 .ct-space {\n\t\t\t\t\theight: 330px;\n\t\t\t\t}\n\t\t\t}\n\t\t\t\t\t\t\t@media screen and (max-width: 767px) {\n\t\t\t\t#ct-space-69de0967bbf85 .ct-space {\n\t\t\t\t\theight: 200px;\n\t\t\t\t}\n\t\t\t}\n\t\t\t<\/style>\n\t<div class=\"ct-space\"><\/div>\n<\/div><\/div><\/div><\/div><div class=\"wpb_column vc_column_container vc_col-sm-12 vc_col-lg-6 vc_col-md-6 rm-padding-sm\"><div class=\"vc_column-inner vc_custom_1544753856744\"><div class=\"wpb_wrapper\"><div id=\"ct-space-69de0967bcc38\">\n\t<style type=\"text\/css\">\n\t\t\t\t\t@media screen and (min-width: 1200px) {\n\t\t\t\t#ct-space-69de0967bcc38 .ct-space {\n\t\t\t\t\theight: 115px;\n\t\t\t\t}\n\t\t\t}\n\t\t\t\t\t\t\t@media (min-width: 992px) and (max-width: 1991px) {\n\t\t\t\t#ct-space-69de0967bcc38 .ct-space {\n\t\t\t\t\theight: 115px;\n\t\t\t\t}\n\t\t\t}\n\t\t\t\t\t\t\t@media (min-width: 768px) and (max-width: 991px) {\n\t\t\t\t#ct-space-69de0967bcc38 .ct-space {\n\t\t\t\t\theight: 115px;\n\t\t\t\t}\n\t\t\t}\n\t\t\t\t\t\t\t@media screen and (max-width: 767px) {\n\t\t\t\t#ct-space-69de0967bcc38 .ct-space {\n\t\t\t\t\theight: 115px;\n\t\t\t\t}\n\t\t\t}\n\t\t\t<\/style>\n\t<div class=\"ct-space\"><\/div>\n<\/div><div id=\"ct-heading\" class=\"ct-heading align-left align-left-md align-left-sm align-left-xs\">\n            <style type=\"text\/css\">\n            @media (min-width: 991px) and (max-width: 1200px) {\n                #ct-heading .ct-heading-tag {\n                                            font-size: 60px !important;\n                                                                line-height: 70px !important;\n                                    }\n            }\n        <\/style>\n    \n            <style type=\"text\/css\">\n            @media (min-width: 768px) and (max-width: 991px) {\n                #ct-heading .ct-heading-tag {\n                                            font-size: 48px !important;\n                                                                line-height: 60px !important;\n                                    }\n            }\n        <\/style>\n    \n            <style type=\"text\/css\">\n            @media screen and (max-width: 767px) {\n                #ct-heading .ct-heading-tag {\n                                            font-size: 36px !important;\n                                                                line-height: 48px !important;\n                                    }\n            }\n        <\/style>\n                <h6 class=\"ct-heading-sub\" style=\"font-size:16px;\">\n            MISSION &amp; VISION        <\/h6>\n            <h3 class=\"ct-heading-tag\" style=\"margin-top:26px;margin-bottom:35px;color:#ffffff;font-size:80px;line-height:90px; \">\n                                    Excellence In Health, Confidence In Your Smile                        <\/h3>\n            <div class=\"ct-heading-desc\" style=\"color:#FFFFFF;font-size:16px;line-height:26px;\">Our mission by adhering to ethical values, with the most current technology to our patients world-class, has always been to provide preventive and therapeutic oral health services. Our vision with our experience ongoing since 2007, achieving the highest level of Hygiene and patient satisfaction, is to continue to be a leading health care center in the region that are referenced.<\/div>\n    <\/div><div id=\"ct-space-69de0967be163\">\n\t<style type=\"text\/css\">\n\t\t\t\t\t@media screen and (min-width: 1200px) {\n\t\t\t\t#ct-space-69de0967be163 .ct-space {\n\t\t\t\t\theight: 115px;\n\t\t\t\t}\n\t\t\t}\n\t\t\t\t\t\t\t@media (min-width: 992px) and (max-width: 1991px) {\n\t\t\t\t#ct-space-69de0967be163 .ct-space {\n\t\t\t\t\theight: 115px;\n\t\t\t\t}\n\t\t\t}\n\t\t\t\t\t\t\t@media (min-width: 768px) and (max-width: 991px) {\n\t\t\t\t#ct-space-69de0967be163 .ct-space {\n\t\t\t\t\theight: 115px;\n\t\t\t\t}\n\t\t\t}\n\t\t\t\t\t\t\t@media screen and (max-width: 767px) {\n\t\t\t\t#ct-space-69de0967be163 .ct-space {\n\t\t\t\t\theight: 115px;\n\t\t\t\t}\n\t\t\t}\n\t\t\t<\/style>\n\t<div class=\"ct-space\"><\/div>\n<\/div><\/div><\/div><\/div><\/div><div class=\"vc_row-full-width vc_clearfix\"><\/div><div data-vc-full-width=\"true\" data-vc-full-width-temp=\"true\" data-vc-full-width-init=\"false\" data-vc-stretch-content=\"true\" class=\"vc_row wpb_row vc_row-fluid vc_row-no-padding vc_row-o-equal-height vc_row-o-content-middle vc_row-flex bg-secondary bg-image-ps-inherit\"><div class=\"wpb_column vc_column_container vc_col-sm-12 vc_col-lg-6 vc_col-md-6 rm-padding-sm\"><div class=\"vc_column-inner vc_custom_1544754160777\"><div class=\"wpb_wrapper\"><div id=\"ct-space-69de0967bf190\">\n\t<style type=\"text\/css\">\n\t\t\t\t\t@media screen and (min-width: 1200px) {\n\t\t\t\t#ct-space-69de0967bf190 .ct-space {\n\t\t\t\t\theight: 121px;\n\t\t\t\t}\n\t\t\t}\n\t\t\t\t\t\t\t@media (min-width: 992px) and (max-width: 1991px) {\n\t\t\t\t#ct-space-69de0967bf190 .ct-space {\n\t\t\t\t\theight: 121px;\n\t\t\t\t}\n\t\t\t}\n\t\t\t\t\t\t\t@media (min-width: 768px) and (max-width: 991px) {\n\t\t\t\t#ct-space-69de0967bf190 .ct-space {\n\t\t\t\t\theight: 121px;\n\t\t\t\t}\n\t\t\t}\n\t\t\t\t\t\t\t@media screen and (max-width: 767px) {\n\t\t\t\t#ct-space-69de0967bf190 .ct-space {\n\t\t\t\t\theight: 115px;\n\t\t\t\t}\n\t\t\t}\n\t\t\t<\/style>\n\t<div class=\"ct-space\"><\/div>\n<\/div><div id=\"ct-heading-2\" class=\"ct-heading align-left align-left-md align-left-sm align-left-xs\">\n            <style type=\"text\/css\">\n            @media (min-width: 991px) and (max-width: 1200px) {\n                #ct-heading-2 .ct-heading-tag {\n                                            font-size: 60px !important;\n                                                                line-height: 70px !important;\n                                    }\n            }\n        <\/style>\n    \n            <style type=\"text\/css\">\n            @media (min-width: 768px) and (max-width: 991px) {\n                #ct-heading-2 .ct-heading-tag {\n                                            font-size: 48px !important;\n                                                                line-height: 60px !important;\n                                    }\n            }\n        <\/style>\n    \n            <style type=\"text\/css\">\n            @media screen and (max-width: 767px) {\n                #ct-heading-2 .ct-heading-tag {\n                                            font-size: 36px !important;\n                                                                line-height: 48px !important;\n                                    }\n            }\n        <\/style>\n                <h6 class=\"ct-heading-sub colored\" style=\"color:#ffffff;font-size:16px;\">\n            NATURAL FAMILY DENTAL        <\/h6>\n            <h3 class=\"ct-heading-tag\" style=\"margin-top:26px;margin-bottom:35px;color:#ffffff;font-size:80px;line-height:90px; \">\n                                    Safe for everyone from 7 to 70 Smiles                        <\/h3>\n            <div class=\"ct-heading-desc\" style=\"color:#ffffff;font-size:16px;line-height:26px;\">Our clinic dentist defeated the fear of children, adults work to attain the aesthetic of looking for solutions, we have created a warm environment. From implant surgery in all branches of pedodontics; each member of your family like one of their own family, you see, we carefully protect your health.<\/div>\n    <\/div><div class=\"vc_empty_space\"   style=\"height: 38px\"><span class=\"vc_empty_space_inner\"><\/span><\/div><div class=\"ct-button-wrapper align-left align-left-md align-left-sm align-left-xs\">\n\n    <a  href=\"http:\/\/natureldis.com\/en\/iletisim\/\" target=\"_self\" class=\"btn btn-default hover-dark size-default\">\n        <span>Contact Us<\/span>\n            <\/a>\n\n<\/div><div id=\"ct-space-69de0967c1927\">\n\t<style type=\"text\/css\">\n\t\t\t\t\t@media screen and (min-width: 1200px) {\n\t\t\t\t#ct-space-69de0967c1927 .ct-space {\n\t\t\t\t\theight: 121px;\n\t\t\t\t}\n\t\t\t}\n\t\t\t\t\t\t\t@media (min-width: 992px) and (max-width: 1991px) {\n\t\t\t\t#ct-space-69de0967c1927 .ct-space {\n\t\t\t\t\theight: 121px;\n\t\t\t\t}\n\t\t\t}\n\t\t\t\t\t\t\t@media (min-width: 768px) and (max-width: 991px) {\n\t\t\t\t#ct-space-69de0967c1927 .ct-space {\n\t\t\t\t\theight: 121px;\n\t\t\t\t}\n\t\t\t}\n\t\t\t\t\t\t\t@media screen and (max-width: 767px) {\n\t\t\t\t#ct-space-69de0967c1927 .ct-space {\n\t\t\t\t\theight: 115px;\n\t\t\t\t}\n\t\t\t}\n\t\t\t<\/style>\n\t<div class=\"ct-space\"><\/div>\n<\/div><\/div><\/div><\/div><div class=\"wpb_column vc_column_container vc_col-sm-12 vc_col-lg-6 vc_col-md-6 vc_col-has-fill\"><div class=\"vc_column-inner vc_custom_1544757282593\"><div class=\"wpb_wrapper\"><div class=\"ct-images-carousel-layout1 owl-carousel images-light-box\" style=\"height: px\" data-item-xs=\"1\" data-item-sm=\"1\" data-item-md=\"1\" data-item-lg=\"1\" data-margin=\"0\" data-loop=\"true\" data-autoplay=\"true\" data-autoplaytimeout=\"5000\" data-smartspeed=\"250\" data-center=\"false\" data-arrows=\"false\" data-bullets=\"true\" data-stagepadding=\"0\" data-rtl=\"false\" >\n\t        <a href=\"https:\/\/natureldis.com\/wp-content\/uploads\/2018\/12\/carousel-image1.jpg\" class=\"light-box bg-image\" style=\"background-image: url(https:\/\/natureldis.com\/wp-content\/uploads\/2018\/12\/carousel-image1.jpg);\"><\/a>\n            <a href=\"https:\/\/natureldis.com\/wp-content\/uploads\/2018\/12\/carousel-image2.jpg\" class=\"light-box bg-image\" style=\"background-image: url(https:\/\/natureldis.com\/wp-content\/uploads\/2018\/12\/carousel-image2.jpg);\"><\/a>\n            <a href=\"https:\/\/natureldis.com\/wp-content\/uploads\/2018\/12\/carousel-image3.jpg\" class=\"light-box bg-image\" style=\"background-image: url(https:\/\/natureldis.com\/wp-content\/uploads\/2018\/12\/carousel-image3.jpg);\"><\/a>\n     \n<\/div><\/div><\/div><\/div><\/div><div class=\"vc_row-full-width vc_clearfix\"><\/div><div data-vc-full-width=\"true\" data-vc-full-width-temp=\"true\" data-vc-full-width-init=\"false\" class=\"vc_row wpb_row vc_row-fluid vc_custom_1544857211572 vc_row-has-fill bg-image-ps-inherit\"><div class=\"wpb_column vc_column_container vc_col-sm-12\"><div class=\"vc_column-inner vc_custom_1544857279111\"><div class=\"wpb_wrapper\"><div class=\"vc_row wpb_row vc_inner vc_row-fluid\"><div class=\"wpb_column vc_column_container vc_col-sm-2\"><div class=\"vc_column-inner\"><div class=\"wpb_wrapper\"><\/div><\/div><\/div><div class=\"wpb_column vc_column_container vc_col-sm-8 rm-padding-sm\"><div class=\"vc_column-inner vc_custom_1544857845421\"><div class=\"wpb_wrapper\"><div id=\"ct-heading-3\" class=\"ct-heading align-center align-center-md align-center-sm align-center-xs\">\n    \n    \n                    <h4 class=\"ct-text-below style1\" >Experts<\/h4>\n        <h3 class=\"ct-heading-tag\" >\n                                    Our team                        <\/h3>\n    <\/div><\/div><\/div><\/div><div class=\"wpb_column vc_column_container vc_col-sm-2\"><div class=\"vc_column-inner\"><div class=\"wpb_wrapper\"><\/div><\/div><\/div><\/div>\n<div id=\"ct-doctor-grid\" class=\"ct-grid ct-grid-doctor-layout2\">\n    \n    \n    <div class=\"ct-grid-inner ct-grid-masonry row\" data-gutter=\"15\">\n                    <div class=\"grid-sizer col-xl-4 col-lg-4 col-md-6 col-sm-6 col-12\"><\/div>\n                                    <div class=\"grid-item col-xl-4 col-lg-4 col-md-6 col-sm-6 col-12\">\n                        <div class=\"grid-item-inner wpb_animate_when_almost_visible wpb_fadeIn fadeIn\">\n                                                            <div class=\"item-featured\">\n                                    <a  href=\"https:\/\/natureldis.com\/en\/doctor\/kemal-guncicek\/\">\n                                        <img decoding=\"async\" class=\"\" src=\"https:\/\/natureldis.com\/wp-content\/uploads\/2018\/12\/8k.png\" width=\"250\" height=\"350\" alt=\"8k\" title=\"8k\" loading=\"lazy\" \/>                                    <\/a>\n                                <\/div>\n                                                        <div class=\"item-body\">\n                                <div class=\"item-body-inner\">\n                                    <div class=\"item-position\">Dentist<\/div>\n                                    <h3 class=\"item-title\" style=\"\">\n                                        <a href=\"https:\/\/natureldis.com\/en\/doctor\/kemal-guncicek\/\">Kemal G\u00dcN\u00c7\u0130\u00c7EK<\/a>\n                                    <\/h3>\n                                <\/div>\n                            <\/div>\n                        <\/div>\n                    <\/div>\n                                    <div class=\"grid-item col-xl-4 col-lg-4 col-md-6 col-sm-6 col-12\">\n                        <div class=\"grid-item-inner wpb_animate_when_almost_visible wpb_fadeIn fadeIn\">\n                                                            <div class=\"item-featured\">\n                                    <a  href=\"https:\/\/natureldis.com\/en\/doctor\/oguzhan-uzunoglu\/\">\n                                        <img decoding=\"async\" class=\"\" src=\"https:\/\/natureldis.com\/wp-content\/uploads\/2018\/12\/oguzhan03_1.png\" width=\"250\" height=\"350\" alt=\"oguzhan03_1\" title=\"oguzhan03_1\" loading=\"lazy\" \/>                                    <\/a>\n                                <\/div>\n                                                        <div class=\"item-body\">\n                                <div class=\"item-body-inner\">\n                                    <div class=\"item-position\">Dentist<\/div>\n                                    <h3 class=\"item-title\" style=\"\">\n                                        <a href=\"https:\/\/natureldis.com\/en\/doctor\/oguzhan-uzunoglu\/\">O\u011fuzhan UZUNOGLU<\/a>\n                                    <\/h3>\n                                <\/div>\n                            <\/div>\n                        <\/div>\n                    <\/div>\n                                    <div class=\"grid-item col-xl-4 col-lg-4 col-md-6 col-sm-6 col-12\">\n                        <div class=\"grid-item-inner wpb_animate_when_almost_visible wpb_fadeIn fadeIn\">\n                                                            <div class=\"item-featured\">\n                                    <a  href=\"https:\/\/natureldis.com\/en\/doctor\/gulsen-kirkbesoglu\/\">\n                                        <img decoding=\"async\" class=\"\" src=\"https:\/\/natureldis.com\/wp-content\/uploads\/2018\/12\/gulsenn.png\" width=\"250\" height=\"350\" alt=\"gulsenn\" title=\"gulsenn\" loading=\"lazy\" \/>                                    <\/a>\n                                <\/div>\n                                                        <div class=\"item-body\">\n                                <div class=\"item-body-inner\">\n                                    <div class=\"item-position\">Dentist<\/div>\n                                    <h3 class=\"item-title\" style=\"\">\n                                        <a href=\"https:\/\/natureldis.com\/en\/doctor\/gulsen-kirkbesoglu\/\">G\u00fcl\u015fen KIRKBE\u015eO\u011eLU<\/a>\n                                    <\/h3>\n                                <\/div>\n                            <\/div>\n                        <\/div>\n                    <\/div>\n                                    <div class=\"grid-item col-xl-4 col-lg-4 col-md-6 col-sm-6 col-12\">\n                        <div class=\"grid-item-inner wpb_animate_when_almost_visible wpb_fadeIn fadeIn\">\n                                                            <div class=\"item-featured\">\n                                    <a  href=\"https:\/\/natureldis.com\/en\/doctor\/buse-senol\/\">\n                                        <img decoding=\"async\" class=\"\" src=\"https:\/\/natureldis.com\/wp-content\/uploads\/2018\/12\/buse_0.png\" width=\"250\" height=\"350\" alt=\"buse_0\" title=\"buse_0\" loading=\"lazy\" \/>                                    <\/a>\n                                <\/div>\n                                                        <div class=\"item-body\">\n                                <div class=\"item-body-inner\">\n                                    <div class=\"item-position\">Dentist<\/div>\n                                    <h3 class=\"item-title\" style=\"\">\n                                        <a href=\"https:\/\/natureldis.com\/en\/doctor\/buse-senol\/\">Buse \u015eENOL<\/a>\n                                    <\/h3>\n                                <\/div>\n                            <\/div>\n                        <\/div>\n                    <\/div>\n                                    <div class=\"grid-item col-xl-4 col-lg-4 col-md-6 col-sm-6 col-12\">\n                        <div class=\"grid-item-inner wpb_animate_when_almost_visible wpb_fadeIn fadeIn\">\n                                                            <div class=\"item-featured\">\n                                    <a  href=\"https:\/\/natureldis.com\/en\/doctor\/ezgi-ozben\/\">\n                                        <img decoding=\"async\" class=\"\" src=\"https:\/\/natureldis.com\/wp-content\/uploads\/2018\/12\/ezgi_doktor-e1764925856344.png\" width=\"250\" height=\"290\" alt=\"ezgi_doktor\" title=\"ezgi_doktor\" loading=\"lazy\" \/>                                    <\/a>\n                                <\/div>\n                                                        <div class=\"item-body\">\n                                <div class=\"item-body-inner\">\n                                    <div class=\"item-position\">Dentist<\/div>\n                                    <h3 class=\"item-title\" style=\"\">\n                                        <a href=\"https:\/\/natureldis.com\/en\/doctor\/ezgi-ozben\/\">Ezgi \u00d6ZBEN<\/a>\n                                    <\/h3>\n                                <\/div>\n                            <\/div>\n                        <\/div>\n                    <\/div>\n                    <\/div>\n        <\/div><\/div><\/div><\/div><\/div><div class=\"vc_row-full-width vc_clearfix\"><\/div>\n<\/div>","protected":false},"excerpt":{"rendered":"2022\u00a0y\u0131l\u0131ndan beri klini\u011fimizde hizmet vermektedir \u0130stanbul \u00dcniversitesi Di\u015f Hekimli\u011fi Fak\u00fcltesi Mezunu. T\u00fcrkiye Di\u015f Hekimleri Birli\u011fi (TDB) \u00fcyesidir. Uluslararas\u0131 kongrelere kat\u0131lm\u0131\u015ft\u0131r.","protected":false},"author":1,"featured_media":0,"parent":0,"menu_order":0,"comment_status":"closed","ping_status":"closed","template":"","meta":{"footnotes":""},"class_list":["post-742","page","type-page","status-publish","hentry"],"_links":{"self":[{"href":"https:\/\/natureldis.com\/en\/wp-json\/wp\/v2\/pages\/742","targetHints":{"allow":["GET"]}}],"collection":[{"href":"https:\/\/natureldis.com\/en\/wp-json\/wp\/v2\/pages"}],"about":[{"href":"https:\/\/natureldis.com\/en\/wp-json\/wp\/v2\/types\/page"}],"author":[{"embeddable":true,"href":"https:\/\/natureldis.com\/en\/wp-json\/wp\/v2\/users\/1"}],"replies":[{"embeddable":true,"href":"https:\/\/natureldis.com\/en\/wp-json\/wp\/v2\/comments?post=742"}],"version-history":[{"count":5,"href":"https:\/\/natureldis.com\/en\/wp-json\/wp\/v2\/pages\/742\/revisions"}],"predecessor-version":[{"id":1044,"href":"https:\/\/natureldis.com\/en\/wp-json\/wp\/v2\/pages\/742\/revisions\/1044"}],"wp:attachment":[{"href":"https:\/\/natureldis.com\/en\/wp-json\/wp\/v2\/media?parent=742"}],"curies":[{"name":"wp","href":"https:\/\/api.w.org\/{rel}","templated":true}]}}