{"id":478,"date":"2018-12-18T14:24:23","date_gmt":"2018-12-18T14:24:23","guid":{"rendered":"https:\/\/demo.casethemes.net\/timan\/?page_id=478"},"modified":"2025-12-05T08:38:12","modified_gmt":"2025-12-05T08:38:12","slug":"sss","status":"publish","type":"page","link":"https:\/\/natureldis.com\/en\/sss\/","title":{"rendered":"Frequently Asked Questions"},"content":{"rendered":"<div class=\"wpb-content-wrapper\"><div class=\"vc_row wpb_row vc_row-fluid bg-image-ps-inherit\"><div class=\"wpb_column vc_column_container vc_col-sm-12 rm-padding-lg\"><div class=\"vc_column-inner vc_custom_1545148555478\"><div class=\"wpb_wrapper\"><div class=\"vc_row wpb_row vc_inner vc_row-fluid\"><div class=\"wpb_column vc_column_container vc_col-sm-2\"><div class=\"vc_column-inner\"><div class=\"wpb_wrapper\"><\/div><\/div><\/div><div class=\"wpb_column vc_column_container vc_col-sm-8 rm-padding-sm\"><div class=\"vc_column-inner vc_custom_1544669575549\"><div class=\"wpb_wrapper\"><div id=\"ct-heading\" class=\"ct-heading align-center align-center-md align-center-sm align-center-xs\">\n    \n    \n                    <h4 class=\"ct-text-below style1\" >SSS<\/h4>\n        <h3 class=\"ct-heading-tag\" >\n                                    Frequently Asked Questions                        <\/h3>\n    <\/div><\/div><\/div><\/div><div class=\"wpb_column vc_column_container vc_col-sm-2\"><div class=\"vc_column-inner\"><div class=\"wpb_wrapper\"><\/div><\/div><\/div><\/div><\/div><\/div><\/div><\/div><div class=\"vc_row wpb_row vc_row-fluid bg-image-ps-inherit\"><div class=\"wpb_column vc_column_container vc_col-sm-12\"><div class=\"vc_column-inner vc_custom_1545149360973\"><div class=\"wpb_wrapper\"><div class=\"vc_row wpb_row vc_inner vc_row-fluid\"><div class=\"wpb_column vc_column_container vc_col-sm-2\"><div class=\"vc_column-inner\"><div class=\"wpb_wrapper\"><\/div><\/div><\/div><div class=\"wpb_column vc_column_container vc_col-sm-8 rm-padding-md\"><div class=\"vc_column-inner vc_custom_1545148871409\"><div class=\"wpb_wrapper\">    <div id=\"ct-accordion\" class=\"ct-accordion layout1\">\n        <div class=\"ct-accordion-body\">\n                            <div class=\"card\">\n                    <div class=\"card-header\" id=\"heading-key0\">\n                        <h3 class=\"card-title\">\n                            <a data-toggle=\"collapse\" data-target=\"#collapse-key0\" aria-expanded=\"false\" aria-controls=\"collapse-key0\">\n                              \u0130mplant tedavisi a\u011fr\u0131l\u0131 bir i\u015flem midir?                              <i class=\"zmdi zmdi-plus\"><\/i>\n                            <\/a>\n                        <\/h3>\n                    <\/div>\n                    <div id=\"collapse-key0\" class=\"collapse\" aria-labelledby=\"heading-key0\" data-parent=\"#ct-accordion\">\n                        <div class=\"card-body\">\n                            \u0130mplant operasyonlar\u0131 lokal anestezi alt\u0131nda ger\u00e7ekle\u015ftirildi\u011fi i\u00e7in i\u015flem s\u0131ras\u0131nda herhangi bir a\u011fr\u0131 veya ac\u0131 hissetmezsiniz. Tedavi sonras\u0131nda hekiminizin \u00f6nerece\u011fi basit a\u011fr\u0131 kesicilerle, s\u00fcreci olduk\u00e7a konforlu ve sorunsuz bir \u015fekilde atlatabilirsiniz. \u00c7o\u011fu hastam\u0131z, i\u015flemin di\u015f \u00e7ekiminden daha rahat ge\u00e7ti\u011fini belirtmektedir.                        <\/div>\n                    <\/div>\n                <\/div>\n                            <div class=\"card\">\n                    <div class=\"card-header\" id=\"heading-key1\">\n                        <h3 class=\"card-title\">\n                            <a data-toggle=\"collapse\" data-target=\"#collapse-key1\" aria-expanded=\"true\" aria-controls=\"collapse-key1\">\n                              \u00c7ocu\u011fumun ilk di\u015f hekimi muayenesi ne zaman yap\u0131lmal\u0131?                              <i class=\"zmdi zmdi-plus\"><\/i>\n                            <\/a>\n                        <\/h3>\n                    <\/div>\n                    <div id=\"collapse-key1\" class=\"collapse  show\" aria-labelledby=\"heading-key1\" data-parent=\"#ct-accordion\">\n                        <div class=\"card-body\">\n                            D\u00fcnya Sa\u011fl\u0131k \u00d6rg\u00fct\u00fc ve uzman pedodontistlerimiz, ilk di\u015f hekimi muayenesinin ilk s\u00fct di\u015fi \u00e7\u0131kt\u0131ktan sonra (genellikle 6 ay - 1 ya\u015f aras\u0131) yap\u0131lmas\u0131n\u0131 \u00f6nermektedir. Bu erken ziyaret, \u00e7ocu\u011fun hekimle tan\u0131\u015f\u0131p korku geli\u015ftirmemesi ve olas\u0131 \u00e7\u00fcr\u00fck risklerinin erkenden \u00f6nlenmesi a\u00e7\u0131s\u0131ndan \u00e7ok \u00f6nemlidir.                        <\/div>\n                    <\/div>\n                <\/div>\n                            <div class=\"card\">\n                    <div class=\"card-header\" id=\"heading-key2\">\n                        <h3 class=\"card-title\">\n                            <a data-toggle=\"collapse\" data-target=\"#collapse-key2\" aria-expanded=\"false\" aria-controls=\"collapse-key2\">\n                              Di\u015f beyazlatma (Bleaching) i\u015flemi di\u015flere zarar verir mi?                              <i class=\"zmdi zmdi-plus\"><\/i>\n                            <\/a>\n                        <\/h3>\n                    <\/div>\n                    <div id=\"collapse-key2\" class=\"collapse\" aria-labelledby=\"heading-key2\" data-parent=\"#ct-accordion\">\n                        <div class=\"card-body\">\n                            Hay\u0131r, di\u015f hekimi kontrol\u00fcnde ve do\u011fru malzemelerle yap\u0131lan profesyonel beyazlatma i\u015flemleri di\u015f minesine zarar vermez. Klini\u011fimizde uygulanan y\u00f6ntemler, di\u015fin yap\u0131s\u0131n\u0131 bozmadan sadece di\u015f \u00fczerindeki ve g\u00f6zeneklerindeki lekeleri gidererek do\u011fal beyazl\u0131\u011f\u0131na kavu\u015fmas\u0131n\u0131 sa\u011flar.                        <\/div>\n                    <\/div>\n                <\/div>\n                            <div class=\"card\">\n                    <div class=\"card-header\" id=\"heading-key3\">\n                        <h3 class=\"card-title\">\n                            <a data-toggle=\"collapse\" data-target=\"#collapse-key3\" aria-expanded=\"false\" aria-controls=\"collapse-key3\">\n                              Ortodontik tedavi (Tel Tedavisi) i\u00e7in ya\u015f s\u0131n\u0131r\u0131 var m\u0131d\u0131r?                              <i class=\"zmdi zmdi-plus\"><\/i>\n                            <\/a>\n                        <\/h3>\n                    <\/div>\n                    <div id=\"collapse-key3\" class=\"collapse\" aria-labelledby=\"heading-key3\" data-parent=\"#ct-accordion\">\n                        <div class=\"card-body\">\n                            Halk aras\u0131nda tel tedavisinin sadece \u00e7ocuklara yap\u0131ld\u0131\u011f\u0131na dair yanl\u0131\u015f bir inan\u0131\u015f vard\u0131r. Oysa ortodontik tedavi i\u00e7in herhangi bir \u00fcst ya\u015f s\u0131n\u0131r\u0131 yoktur. Di\u015f eti ve kemik yap\u0131s\u0131 sa\u011fl\u0131kl\u0131 olan her ya\u015ftaki bireye, metal teller, estetik teller veya \u015feffaf plaklar (telsiz tedavi) ile d\u00fczeltme i\u015flemi uygulanabilir.                        <\/div>\n                    <\/div>\n                <\/div>\n                            <div class=\"card\">\n                    <div class=\"card-header\" id=\"heading-key4\">\n                        <h3 class=\"card-title\">\n                            <a data-toggle=\"collapse\" data-target=\"#collapse-key4\" aria-expanded=\"false\" aria-controls=\"collapse-key4\">\n                              G\u00fcl\u00fc\u015f tasar\u0131m\u0131 (Lamine\/Zirkonyum) i\u015flemleri ne kadar s\u00fcrer?                              <i class=\"zmdi zmdi-plus\"><\/i>\n                            <\/a>\n                        <\/h3>\n                    <\/div>\n                    <div id=\"collapse-key4\" class=\"collapse\" aria-labelledby=\"heading-key4\" data-parent=\"#ct-accordion\">\n                        <div class=\"card-body\">\n                            Tedavi s\u00fcresi yap\u0131lacak i\u015flemin kapsam\u0131na g\u00f6re de\u011fi\u015fmekle birlikte, genellikle 5 ila 7 g\u00fcn i\u00e7erisinde tamamlanmaktad\u0131r. \u0130lk seansta \u00f6l\u00e7\u00fc ve planlama yap\u0131l\u0131r, \"Mock-up\" uygulamas\u0131yla di\u015fleriniz kesilmeden bitmi\u015f halini a\u011fz\u0131n\u0131zda g\u00f6rmeniz sa\u011flan\u0131r. Onay\u0131n\u0131z\u0131n ard\u0131ndan yakla\u015f\u0131k 1 hafta i\u00e7inde yeni g\u00fcl\u00fc\u015f\u00fcn\u00fcze kavu\u015fabilirsiniz.                        <\/div>\n                    <\/div>\n                <\/div>\n                    <\/div>\n    <\/div>\n<\/div><\/div><\/div><div class=\"wpb_column vc_column_container vc_col-sm-2\"><div class=\"vc_column-inner\"><div class=\"wpb_wrapper\"><\/div><\/div><\/div><\/div><\/div><\/div><\/div><\/div>\n<\/div>","protected":false},"excerpt":{"rendered":"SSS S\u0131k\u00e7a Sorulan Sorular \u0130mplant tedavisi a\u011fr\u0131l\u0131 bir i\u015flem midir? \u0130mplant operasyonlar\u0131 lokal anestezi alt\u0131nda ger\u00e7ekle\u015ftirildi\u011fi i\u00e7in i\u015flem s\u0131ras\u0131nda herhangi bir a\u011fr\u0131 veya ac\u0131 hissetmezsiniz. Tedavi sonras\u0131nda hekiminizin \u00f6nerece\u011fi basit a\u011fr\u0131 kesicilerle, s\u00fcreci olduk\u00e7a konforlu ve sorunsuz bir \u015fekilde atlatabilirsiniz. \u00c7o\u011fu hastam\u0131z, i\u015flemin di\u015f \u00e7ekiminden daha rahat ge\u00e7ti\u011fini belirtmektedir. \u00c7ocu\u011fumun ilk di\u015f hekimi muayenesi ne [...]","protected":false},"author":1,"featured_media":0,"parent":0,"menu_order":0,"comment_status":"closed","ping_status":"closed","template":"","meta":{"footnotes":""},"class_list":["post-478","page","type-page","status-publish","hentry"],"_links":{"self":[{"href":"https:\/\/natureldis.com\/en\/wp-json\/wp\/v2\/pages\/478","targetHints":{"allow":["GET"]}}],"collection":[{"href":"https:\/\/natureldis.com\/en\/wp-json\/wp\/v2\/pages"}],"about":[{"href":"https:\/\/natureldis.com\/en\/wp-json\/wp\/v2\/types\/page"}],"author":[{"embeddable":true,"href":"https:\/\/natureldis.com\/en\/wp-json\/wp\/v2\/users\/1"}],"replies":[{"embeddable":true,"href":"https:\/\/natureldis.com\/en\/wp-json\/wp\/v2\/comments?post=478"}],"version-history":[{"count":4,"href":"https:\/\/natureldis.com\/en\/wp-json\/wp\/v2\/pages\/478\/revisions"}],"predecessor-version":[{"id":941,"href":"https:\/\/natureldis.com\/en\/wp-json\/wp\/v2\/pages\/478\/revisions\/941"}],"wp:attachment":[{"href":"https:\/\/natureldis.com\/en\/wp-json\/wp\/v2\/media?parent=478"}],"curies":[{"name":"wp","href":"https:\/\/api.w.org\/{rel}","templated":true}]}}