{"id":117,"date":"2018-12-12T07:02:13","date_gmt":"2018-12-12T07:02:13","guid":{"rendered":"https:\/\/demo.casethemes.net\/timan\/?page_id=117"},"modified":"2025-12-05T08:39:23","modified_gmt":"2025-12-05T08:39:23","slug":"blog","status":"publish","type":"page","link":"https:\/\/natureldis.com\/en\/blog\/","title":{"rendered":"Blog"},"content":{"rendered":"<div class=\"wpb-content-wrapper\"><div class=\"vc_row wpb_row vc_row-fluid bg-image-ps-inherit\"><div class=\"wpb_column vc_column_container vc_col-sm-12\"><div class=\"vc_column-inner vc_custom_1544604789271\"><div class=\"wpb_wrapper\">\n<div id=\"ct_blog_grid\" class=\"ct-grid ct-grid-blog-layout1 single-hentry\">\n\n    \n    <div class=\"ct-grid-inner ct-grid-masonry row\" data-gutter=\"20\">\n                    <div class=\"grid-sizer col-xl-6 col-lg-6 col-md-6 col-sm-6 col-12\"><\/div>\n                                    <div class=\"grid-item col-xl-6 col-lg-6 col-md-6 col-sm-6 col-12\">\n                        <div class=\"grid-item-inner wpb_animate_when_almost_visible wpb_fadeIn fadeIn\">\n                                                            <div class=\"entry-featured\">\n                                    <a  href=\"https:\/\/natureldis.com\/en\/agiz-ve-dis-sagligi-beslenme-iliskisi\/\">\n                                        <img decoding=\"async\" class=\"\" src=\"https:\/\/natureldis.com\/wp-content\/uploads\/2025\/12\/6652-scaled-600x424.jpg\" width=\"600\" height=\"424\" alt=\"\" title=\"\" loading=\"lazy\" \/>                                    <\/a>\n                                <\/div>\n                                                        <div class=\"entry-body\">\n                                <ul class=\"entry-meta\">\n                                    <li class=\"item-date\">December 8, 2025<\/li>\n                                    <li>\n                                        <a class=\"item-comment\" href=\"https:\/\/natureldis.com\/en\/agiz-ve-dis-sagligi-beslenme-iliskisi\/\">No Comments<\/a>\n                                    <\/li>\n                                <\/ul>\n                                <h3 class=\"entry-title\" style=\"\">\n                                    <a href=\"https:\/\/natureldis.com\/en\/agiz-ve-dis-sagligi-beslenme-iliskisi\/\">Oral and dental health \u2013 the relationship between nutrition<\/a>\n                                <\/h3>\n                                <div class=\"entry-content\">\n                                                                    <\/div>\n                            <\/div>\n                        <\/div>\n                    <\/div>\n                                    <div class=\"grid-item col-xl-6 col-lg-6 col-md-6 col-sm-6 col-12\">\n                        <div class=\"grid-item-inner wpb_animate_when_almost_visible wpb_fadeIn fadeIn\">\n                                                            <div class=\"entry-featured\">\n                                    <a  href=\"https:\/\/natureldis.com\/en\/bebeklerde-dis-curugu-biberon-curugu-neden-olur-ve-nasil-onlenir\/\">\n                                        <img decoding=\"async\" class=\"\" src=\"https:\/\/natureldis.com\/wp-content\/uploads\/2025\/12\/955-scaled-600x424.jpg\" width=\"600\" height=\"424\" alt=\"\" title=\"\" loading=\"lazy\" \/>                                    <\/a>\n                                <\/div>\n                                                        <div class=\"entry-body\">\n                                <ul class=\"entry-meta\">\n                                    <li class=\"item-date\">December 8, 2025<\/li>\n                                    <li>\n                                        <a class=\"item-comment\" href=\"https:\/\/natureldis.com\/en\/bebeklerde-dis-curugu-biberon-curugu-neden-olur-ve-nasil-onlenir\/\">No Comments<\/a>\n                                    <\/li>\n                                <\/ul>\n                                <h3 class=\"entry-title\" style=\"\">\n                                    <a href=\"https:\/\/natureldis.com\/en\/bebeklerde-dis-curugu-biberon-curugu-neden-olur-ve-nasil-onlenir\/\">Tooth decay in infants (baby bottle tooth decay causes and how can it be prevented?<\/a>\n                                <\/h3>\n                                <div class=\"entry-content\">\n                                                                    <\/div>\n                            <\/div>\n                        <\/div>\n                    <\/div>\n                                    <div class=\"grid-item col-xl-6 col-lg-6 col-md-6 col-sm-6 col-12\">\n                        <div class=\"grid-item-inner wpb_animate_when_almost_visible wpb_fadeIn fadeIn\">\n                                                            <div class=\"entry-featured\">\n                                    <a  href=\"https:\/\/natureldis.com\/en\/cocugun-dis-hekimi-ile-ilk-tanismasi-ebeveynler-icin-kapsamli-rehber\/\">\n                                        <img decoding=\"async\" class=\"\" src=\"https:\/\/natureldis.com\/wp-content\/uploads\/2025\/12\/cocuk-rehber-scaled-600x424.jpg\" width=\"600\" height=\"424\" alt=\"cocuk-rehber\" title=\"child-guide\" loading=\"lazy\" \/>                                    <\/a>\n                                <\/div>\n                                                        <div class=\"entry-body\">\n                                <ul class=\"entry-meta\">\n                                    <li class=\"item-date\">December 8, 2025<\/li>\n                                    <li>\n                                        <a class=\"item-comment\" href=\"https:\/\/natureldis.com\/en\/cocugun-dis-hekimi-ile-ilk-tanismasi-ebeveynler-icin-kapsamli-rehber\/\">No Comments<\/a>\n                                    <\/li>\n                                <\/ul>\n                                <h3 class=\"entry-title\" style=\"\">\n                                    <a href=\"https:\/\/natureldis.com\/en\/cocugun-dis-hekimi-ile-ilk-tanismasi-ebeveynler-icin-kapsamli-rehber\/\">The first meeting with the dentist, the child: a comprehensive guide for parents<\/a>\n                                <\/h3>\n                                <div class=\"entry-content\">\n                                                                    <\/div>\n                            <\/div>\n                        <\/div>\n                    <\/div>\n                    <\/div>\n            <div class=\"ct-grid-pagination\">\n                    <\/div>\n        <\/div><\/div><\/div><\/div><\/div>\n<\/div>","protected":false},"excerpt":{"rendered":"\u00c7ocuklar\u0131n di\u015f sa\u011fl\u0131\u011f\u0131, ya\u015fam boyu s\u00fcrecek a\u011f\u0131z bak\u0131m al\u0131\u015fkanl\u0131klar\u0131n\u0131n temelini olu\u015fturur. Erken d\u00f6nemde yap\u0131lacak do\u011fru ziyaretler ve bilgilendirme sayesinde \u00e7\u00fcr\u00fckler ve geli\u015fimsel problemler olu\u015fmadan \u00f6nlenebilir. Bu yaz\u0131da; ilk muayenenin neden \u00f6nemli oldu\u011fu, ebeveynlerin nas\u0131l haz\u0131rl\u0131k yapabilece\u011fi ve di\u015f hekimi korkusunun nas\u0131l azalt\u0131laca\u011f\u0131 irdelenmektedir. \u0130lk Di\u015f Muayenesi Neden \u00d6nemlidir? Hen\u00fcz \u00e7\u00fcr\u00fck veya a\u011fr\u0131 ba\u015flamadan yap\u0131lan erken [...]","protected":false},"author":1,"featured_media":0,"parent":0,"menu_order":0,"comment_status":"closed","ping_status":"closed","template":"","meta":{"footnotes":""},"class_list":["post-117","page","type-page","status-publish","hentry"],"_links":{"self":[{"href":"https:\/\/natureldis.com\/en\/wp-json\/wp\/v2\/pages\/117","targetHints":{"allow":["GET"]}}],"collection":[{"href":"https:\/\/natureldis.com\/en\/wp-json\/wp\/v2\/pages"}],"about":[{"href":"https:\/\/natureldis.com\/en\/wp-json\/wp\/v2\/types\/page"}],"author":[{"embeddable":true,"href":"https:\/\/natureldis.com\/en\/wp-json\/wp\/v2\/users\/1"}],"replies":[{"embeddable":true,"href":"https:\/\/natureldis.com\/en\/wp-json\/wp\/v2\/comments?post=117"}],"version-history":[{"count":1,"href":"https:\/\/natureldis.com\/en\/wp-json\/wp\/v2\/pages\/117\/revisions"}],"predecessor-version":[{"id":887,"href":"https:\/\/natureldis.com\/en\/wp-json\/wp\/v2\/pages\/117\/revisions\/887"}],"wp:attachment":[{"href":"https:\/\/natureldis.com\/en\/wp-json\/wp\/v2\/media?parent=117"}],"curies":[{"name":"wp","href":"https:\/\/api.w.org\/{rel}","templated":true}]}}